{"id":427,"date":"2019-01-08T14:17:50","date_gmt":"2019-01-08T16:17:50","guid":{"rendered":"http:\/\/www.realmac.com.br\/?page_id=427"},"modified":"2019-03-21T09:11:10","modified_gmt":"2019-03-21T12:11:10","slug":"institucional","status":"publish","type":"page","link":"https:\/\/www.realmac.com.br\/produtos\/institucional\/","title":{"rendered":"Institucional"},"content":{"rendered":"\n<h1>Sobre a REALMAC<\/h1>\n\n<h2><strong>Hist\u00f3ria<\/strong><\/h2>\n<p> &nbsp;&nbsp;&nbsp;&nbsp;&nbsp;A Empresa iniciou suas atividades com objetivo de prestar assist\u00eancia t\u00e9cnica em m\u00e1quina de escrever e autenticadora de caixa. Com vis\u00e3o mercadol\u00f3gica a empresa acompanhou e manteve-se preparada para as mudan\u00e7as do mercado e ao passar dos anos se especializou em solu\u00e7\u00f5es de impress\u00e3o. Com uma forte atua\u00e7\u00e3o de mercado, atualmente possui 35 colaboradores, matriz em Chapec\u00f3, filial em Joa\u00e7aba e Unidade de Neg\u00f3cios em Itaja\u00ed, atuando em todo o Estado de Santa Catarina, norte do Rio Grande do Sul, sul e sudoeste do Paran\u00e1. Esta trajet\u00f3ria levou a Realmac a ser a empresa com maior cobertura para atendimento t\u00e9cnico em toda regi\u00e3o.<\/p>\n\n<h2><strong>Miss\u00e3o<\/strong><\/h2>\n<p>&nbsp;&nbsp;&nbsp;&nbsp;&nbsp;&nbsp;Oferecer aos nossos clientes solu\u00e7\u00f5es de impress\u00e3o com efic\u00e1cia e baixo custo operacional no menor tempo poss\u00edvel.<\/p>\n<h2><strong>Vis\u00e3o<\/strong><\/h2>\n<p>&nbsp;&nbsp;&nbsp;&nbsp;&nbsp;&nbsp;Acompanhar e manter-se informado sobre as mais variadas solu\u00e7\u00f5es de impress\u00e3o, podendo assim aprimor\u00e1-las e oferece-l\u00e1s aos nossos clientes.<\/p>\n<h2><strong>Valores<\/strong><\/h2>\n<p>&nbsp;&nbsp;&nbsp;&nbsp;&nbsp;&nbsp;Trabalhar com total\ntranspar\u00eancia, respeitando\nclientes, colaboradores e\nfornecedores, buscando\nconstantemente a\nsatisfa\u00e7\u00e3o de todos.<\/p>\n","protected":false},"excerpt":{"rendered":"<p>Sobre a REALMAC Hist\u00f3ria &nbsp;&nbsp;&nbsp;&nbsp;&nbsp;A Empresa iniciou suas atividades com objetivo de prestar assist\u00eancia t\u00e9cnica em m\u00e1quina de escrever e autenticadora de caixa. Com vis\u00e3o mercadol\u00f3gica a empresa acompanhou e manteve-se preparada para as mudan\u00e7as do mercado e ao passar dos anos se especializou em solu\u00e7\u00f5es de impress\u00e3o. Com uma forte atua\u00e7\u00e3o de mercado, atualmente [&hellip;]<\/p>\n","protected":false},"author":1,"featured_media":421,"parent":0,"menu_order":0,"comment_status":"closed","ping_status":"closed","template":"","meta":{"footnotes":""},"class_list":["post-427","page","type-page","status-publish","has-post-thumbnail","hentry"],"_links":{"self":[{"href":"https:\/\/www.realmac.com.br\/produtos\/wp-json\/wp\/v2\/pages\/427","targetHints":{"allow":["GET"]}}],"collection":[{"href":"https:\/\/www.realmac.com.br\/produtos\/wp-json\/wp\/v2\/pages"}],"about":[{"href":"https:\/\/www.realmac.com.br\/produtos\/wp-json\/wp\/v2\/types\/page"}],"author":[{"embeddable":true,"href":"https:\/\/www.realmac.com.br\/produtos\/wp-json\/wp\/v2\/users\/1"}],"replies":[{"embeddable":true,"href":"https:\/\/www.realmac.com.br\/produtos\/wp-json\/wp\/v2\/comments?post=427"}],"version-history":[{"count":16,"href":"https:\/\/www.realmac.com.br\/produtos\/wp-json\/wp\/v2\/pages\/427\/revisions"}],"predecessor-version":[{"id":613,"href":"https:\/\/www.realmac.com.br\/produtos\/wp-json\/wp\/v2\/pages\/427\/revisions\/613"}],"wp:featuredmedia":[{"embeddable":true,"href":"https:\/\/www.realmac.com.br\/produtos\/wp-json\/wp\/v2\/media\/421"}],"wp:attachment":[{"href":"https:\/\/www.realmac.com.br\/produtos\/wp-json\/wp\/v2\/media?parent=427"}],"curies":[{"name":"wp","href":"https:\/\/api.w.org\/{rel}","templated":true}]}}